{"id":3880,"date":"2020-07-13T18:44:15","date_gmt":"2020-07-13T16:44:15","guid":{"rendered":"https:\/\/www.competize.com\/blog\/?page_id=3880"},"modified":"2026-01-27T10:09:50","modified_gmt":"2026-01-27T09:09:50","slug":"sobre-nuestro-gestor-torneos-ligas","status":"publish","type":"page","link":"https:\/\/www.competize.com\/blog\/sobre-nuestro-gestor-torneos-ligas\/","title":{"rendered":"Conoce nuestro gestor de torneos"},"content":{"rendered":"<h1><strong><span style=\"color: #ff9900; font-size: 24px;\">EN COMPETIZE PROFESIONALIZAMOS DEPORTES AFICIONADOS<\/span><\/strong><\/h1>\n<p><a href=\"https:\/\/www.competize.com\/\">Competize<\/a> es una comunidad que re\u00fane miles de organizadores de competiciones deportivas, entrenadores, \u00e1rbitros, jugadores y fans.<\/p>\n<h2><strong><span style=\"color: #666666; font-size: 24px;\">CREAMOS EXPERIENCIAS \u00daNICAS<\/span><\/strong><\/h2>\n<p>Convertimos ligas del barrio en la Champions League y a jugadores les hacemos sentir como asi fueran deportistas profesionales.<\/p>\n<p>Damos servicio a 25+ deportes en 100 pa\u00edses y trabajamos con clubes, <a href=\"https:\/\/www.competize.com\/clients\/federations\">federaciones<\/a>, <a href=\"https:\/\/www.competize.com\/clients\/page\/municipalities-councils\">ayuntamientos<\/a>, instalaciones y <a href=\"https:\/\/www.competize.com\/clients\/page\/leagues-tournaments\">particulares<\/a>.<\/p>\n<h2><strong><span style=\"color: #666666; font-size: 24px;\">GRACIAS A NUESTRAS WEBS Y APPS PARA TORNEOS Y LIGAS<\/span><\/strong><\/h2>\n<ul>\n<li><strong>ORGANIZADORES<\/strong> &#8211; Ahorran tiempo en la administraci\u00f3n.<\/li>\n<li><strong>EVENTOS<\/strong> &#8211; Son rentables y sostenibles.<\/li>\n<li><strong>JUGADORES<\/strong> &#8211; Disfrutan de estad\u00edsticas personales.<\/li>\n<li><strong>FANS<\/strong> &#8211; Acceden a resultados en vivo.<\/li>\n<\/ul>\n<h2><strong><span style=\"color: #ff9900; font-size: 24px;\">CU\u00c9NTANOS SOBRE TUS EVENTOS DEPORTIVOS<\/span><\/strong><\/h2>\n<p>Competize cuenta con un equipo apasionado por el deporte que entiende las dificultades del sector aficionado: gesti\u00f3n con libretas y Excel, falta de comunicaci\u00f3n, recursos limitados etc.<\/p>\n<p>Nuestras oficinas est\u00e1n localizadas en Badajoz &amp; Barcelona y estaremos encantados en conocer tus competiciones:<\/p>\n<p><strong>Correo: info@competize.com<\/strong><br \/>\n<strong>Tel\u00e9fono: (+34) 644 439 309<\/strong><\/p>\n<p><span data-id=\"YzyEDz\" hidden><\/span><\/p>\n","protected":false},"excerpt":{"rendered":"<p>EN COMPETIZE PROFESIONALIZAMOS DEPORTES AFICIONADOS Competize es una comunidad que re\u00fane miles de organizadores de competiciones deportivas, entrenadores, \u00e1rbitros, jugadores y fans. CREAMOS EXPERIENCIAS \u00daNICAS Convertimos ligas del barrio en la Champions League y&#46;&#46;&#46;<\/p>\n","protected":false},"author":1,"featured_media":0,"parent":0,"menu_order":0,"comment_status":"closed","ping_status":"closed","template":"","meta":{"_monsterinsights_skip_tracking":false,"_monsterinsights_sitenote_active":false,"_monsterinsights_sitenote_note":"","_monsterinsights_sitenote_category":0},"yoast_head":"<!-- This site is optimized with the Yoast SEO plugin v21.8.1 - https:\/\/yoast.com\/wordpress\/plugins\/seo\/ -->\n<title>Conoce nuestro gestor de torneos | COMPETIZE<\/title>\n<meta name=\"description\" content=\"En Competize profesionalizamos ligas y torneos aficionados. Ayudamos a organizadores de competiciones con gesti\u00f3n de calendarios, resultados, tablas, cruces\" \/>\n<meta name=\"robots\" content=\"index, follow, max-snippet:-1, max-image-preview:large, max-video-preview:-1\" \/>\n<link rel=\"canonical\" href=\"https:\/\/www.competize.com\/blog\/sobre-nuestro-gestor-torneos-ligas\/\" \/>\n<meta property=\"og:locale\" content=\"es_ES\" \/>\n<meta property=\"og:type\" content=\"article\" \/>\n<meta property=\"og:title\" content=\"Conoce nuestro gestor de torneos | COMPETIZE\" \/>\n<meta property=\"og:description\" content=\"En Competize profesionalizamos ligas y torneos aficionados. Ayudamos a organizadores de competiciones con gesti\u00f3n de calendarios, resultados, tablas, cruces\" \/>\n<meta property=\"og:url\" content=\"https:\/\/www.competize.com\/blog\/sobre-nuestro-gestor-torneos-ligas\/\" \/>\n<meta property=\"og:site_name\" content=\"COMPETIZE\" \/>\n<meta property=\"article:publisher\" content=\"https:\/\/www.facebook.com\/CompetizeApp\/\" \/>\n<meta property=\"article:modified_time\" content=\"2026-01-27T09:09:50+00:00\" \/>\n<meta name=\"twitter:card\" content=\"summary_large_image\" \/>\n<meta name=\"twitter:site\" content=\"@competize\" \/>\n<meta name=\"twitter:label1\" content=\"Tiempo de lectura\" \/>\n\t<meta name=\"twitter:data1\" content=\"1 minuto\" \/>\n<script type=\"application\/ld+json\" class=\"yoast-schema-graph\">{\"@context\":\"https:\/\/schema.org\",\"@graph\":[{\"@type\":\"WebPage\",\"@id\":\"https:\/\/www.competize.com\/blog\/sobre-nuestro-gestor-torneos-ligas\/\",\"url\":\"https:\/\/www.competize.com\/blog\/sobre-nuestro-gestor-torneos-ligas\/\",\"name\":\"Conoce nuestro gestor de torneos | COMPETIZE\",\"isPartOf\":{\"@id\":\"https:\/\/www.competize.com\/blog\/#website\"},\"datePublished\":\"2020-07-13T16:44:15+00:00\",\"dateModified\":\"2026-01-27T09:09:50+00:00\",\"description\":\"En Competize profesionalizamos ligas y torneos aficionados. Ayudamos a organizadores de competiciones con gesti\u00f3n de calendarios, resultados, tablas, cruces\",\"breadcrumb\":{\"@id\":\"https:\/\/www.competize.com\/blog\/sobre-nuestro-gestor-torneos-ligas\/#breadcrumb\"},\"inLanguage\":\"es\",\"potentialAction\":[{\"@type\":\"ReadAction\",\"target\":[\"https:\/\/www.competize.com\/blog\/sobre-nuestro-gestor-torneos-ligas\/\"]}]},{\"@type\":\"BreadcrumbList\",\"@id\":\"https:\/\/www.competize.com\/blog\/sobre-nuestro-gestor-torneos-ligas\/#breadcrumb\",\"itemListElement\":[{\"@type\":\"ListItem\",\"position\":1,\"name\":\"Portada\",\"item\":\"https:\/\/www.competize.com\/blog\/\"},{\"@type\":\"ListItem\",\"position\":2,\"name\":\"Conoce nuestro gestor de torneos\"}]},{\"@type\":\"WebSite\",\"@id\":\"https:\/\/www.competize.com\/blog\/#website\",\"url\":\"https:\/\/www.competize.com\/blog\/\",\"name\":\"COMPETIZE\",\"description\":\"Pasi\u00f3n por la competici\u00f3n en torneos y ligas\",\"publisher\":{\"@id\":\"https:\/\/www.competize.com\/blog\/#organization\"},\"potentialAction\":[{\"@type\":\"SearchAction\",\"target\":{\"@type\":\"EntryPoint\",\"urlTemplate\":\"https:\/\/www.competize.com\/blog\/?s={search_term_string}\"},\"query-input\":\"required name=search_term_string\"}],\"inLanguage\":\"es\"},{\"@type\":\"Organization\",\"@id\":\"https:\/\/www.competize.com\/blog\/#organization\",\"name\":\"COMPETIZE\",\"url\":\"https:\/\/www.competize.com\/blog\/\",\"logo\":{\"@type\":\"ImageObject\",\"inLanguage\":\"es\",\"@id\":\"https:\/\/www.competize.com\/blog\/#\/schema\/logo\/image\/\",\"url\":\"https:\/\/www.competize.com\/blog\/wp-content\/uploads\/2023\/04\/logo-competize-pasion-competicion.png\",\"contentUrl\":\"https:\/\/www.competize.com\/blog\/wp-content\/uploads\/2023\/04\/logo-competize-pasion-competicion.png\",\"width\":1000,\"height\":1000,\"caption\":\"COMPETIZE\"},\"image\":{\"@id\":\"https:\/\/www.competize.com\/blog\/#\/schema\/logo\/image\/\"},\"sameAs\":[\"https:\/\/www.facebook.com\/CompetizeApp\/\",\"https:\/\/twitter.com\/competize\",\"https:\/\/www.instagram.com\/competize\/\",\"https:\/\/www.linkedin.com\/company\/competize\/\"]}]}<\/script>\n<!-- \/ Yoast SEO plugin. -->","yoast_head_json":{"title":"Conoce nuestro gestor de torneos | COMPETIZE","description":"En Competize profesionalizamos ligas y torneos aficionados. Ayudamos a organizadores de competiciones con gesti\u00f3n de calendarios, resultados, tablas, cruces","robots":{"index":"index","follow":"follow","max-snippet":"max-snippet:-1","max-image-preview":"max-image-preview:large","max-video-preview":"max-video-preview:-1"},"canonical":"https:\/\/www.competize.com\/blog\/sobre-nuestro-gestor-torneos-ligas\/","og_locale":"es_ES","og_type":"article","og_title":"Conoce nuestro gestor de torneos | COMPETIZE","og_description":"En Competize profesionalizamos ligas y torneos aficionados. Ayudamos a organizadores de competiciones con gesti\u00f3n de calendarios, resultados, tablas, cruces","og_url":"https:\/\/www.competize.com\/blog\/sobre-nuestro-gestor-torneos-ligas\/","og_site_name":"COMPETIZE","article_publisher":"https:\/\/www.facebook.com\/CompetizeApp\/","article_modified_time":"2026-01-27T09:09:50+00:00","twitter_card":"summary_large_image","twitter_site":"@competize","twitter_misc":{"Tiempo de lectura":"1 minuto"},"schema":{"@context":"https:\/\/schema.org","@graph":[{"@type":"WebPage","@id":"https:\/\/www.competize.com\/blog\/sobre-nuestro-gestor-torneos-ligas\/","url":"https:\/\/www.competize.com\/blog\/sobre-nuestro-gestor-torneos-ligas\/","name":"Conoce nuestro gestor de torneos | COMPETIZE","isPartOf":{"@id":"https:\/\/www.competize.com\/blog\/#website"},"datePublished":"2020-07-13T16:44:15+00:00","dateModified":"2026-01-27T09:09:50+00:00","description":"En Competize profesionalizamos ligas y torneos aficionados. Ayudamos a organizadores de competiciones con gesti\u00f3n de calendarios, resultados, tablas, cruces","breadcrumb":{"@id":"https:\/\/www.competize.com\/blog\/sobre-nuestro-gestor-torneos-ligas\/#breadcrumb"},"inLanguage":"es","potentialAction":[{"@type":"ReadAction","target":["https:\/\/www.competize.com\/blog\/sobre-nuestro-gestor-torneos-ligas\/"]}]},{"@type":"BreadcrumbList","@id":"https:\/\/www.competize.com\/blog\/sobre-nuestro-gestor-torneos-ligas\/#breadcrumb","itemListElement":[{"@type":"ListItem","position":1,"name":"Portada","item":"https:\/\/www.competize.com\/blog\/"},{"@type":"ListItem","position":2,"name":"Conoce nuestro gestor de torneos"}]},{"@type":"WebSite","@id":"https:\/\/www.competize.com\/blog\/#website","url":"https:\/\/www.competize.com\/blog\/","name":"COMPETIZE","description":"Pasi\u00f3n por la competici\u00f3n en torneos y ligas","publisher":{"@id":"https:\/\/www.competize.com\/blog\/#organization"},"potentialAction":[{"@type":"SearchAction","target":{"@type":"EntryPoint","urlTemplate":"https:\/\/www.competize.com\/blog\/?s={search_term_string}"},"query-input":"required name=search_term_string"}],"inLanguage":"es"},{"@type":"Organization","@id":"https:\/\/www.competize.com\/blog\/#organization","name":"COMPETIZE","url":"https:\/\/www.competize.com\/blog\/","logo":{"@type":"ImageObject","inLanguage":"es","@id":"https:\/\/www.competize.com\/blog\/#\/schema\/logo\/image\/","url":"https:\/\/www.competize.com\/blog\/wp-content\/uploads\/2023\/04\/logo-competize-pasion-competicion.png","contentUrl":"https:\/\/www.competize.com\/blog\/wp-content\/uploads\/2023\/04\/logo-competize-pasion-competicion.png","width":1000,"height":1000,"caption":"COMPETIZE"},"image":{"@id":"https:\/\/www.competize.com\/blog\/#\/schema\/logo\/image\/"},"sameAs":["https:\/\/www.facebook.com\/CompetizeApp\/","https:\/\/twitter.com\/competize","https:\/\/www.instagram.com\/competize\/","https:\/\/www.linkedin.com\/company\/competize\/"]}]}},"_links":{"self":[{"href":"https:\/\/www.competize.com\/blog\/wp-json\/wp\/v2\/pages\/3880"}],"collection":[{"href":"https:\/\/www.competize.com\/blog\/wp-json\/wp\/v2\/pages"}],"about":[{"href":"https:\/\/www.competize.com\/blog\/wp-json\/wp\/v2\/types\/page"}],"author":[{"embeddable":true,"href":"https:\/\/www.competize.com\/blog\/wp-json\/wp\/v2\/users\/1"}],"replies":[{"embeddable":true,"href":"https:\/\/www.competize.com\/blog\/wp-json\/wp\/v2\/comments?post=3880"}],"version-history":[{"count":10,"href":"https:\/\/www.competize.com\/blog\/wp-json\/wp\/v2\/pages\/3880\/revisions"}],"predecessor-version":[{"id":14025,"href":"https:\/\/www.competize.com\/blog\/wp-json\/wp\/v2\/pages\/3880\/revisions\/14025"}],"wp:attachment":[{"href":"https:\/\/www.competize.com\/blog\/wp-json\/wp\/v2\/media?parent=3880"}],"curies":[{"name":"wp","href":"https:\/\/api.w.org\/{rel}","templated":true}]}}